{"id":84,"date":"2026-01-22T17:44:04","date_gmt":"2026-01-22T17:44:04","guid":{"rendered":"https:\/\/www.miderechomilugar.gob.mx\/blog\/?page_id=84"},"modified":"2026-02-13T08:06:05","modified_gmt":"2026-02-13T08:06:05","slug":"lista-de-municipios-participantes","status":"publish","type":"page","link":"https:\/\/www.miderechomilugar.gob.mx\/blog\/lista-de-municipios-participantes\/","title":{"rendered":"Alcald\u00edas y municipios que integran la Zona Metropolitana del Valle de M\u00e9xico"},"content":{"rendered":"\n<!--\n<br>\n<p class=\"text-left mb-5\" style=\"font-size: 20px; font-weight: 400; color:#161A1D; text-align: justify;\n\">\nHist\u00f3ricamente se han distinguido planteles e instituciones por tener un alto n\u00famero de aspirantes que exceden el n\u00famero de lugares disponibles, por lo que el examen COMIPEMS realizaba la asignaci\u00f3n de los aspirantes seg\u00fan las preferencias declaradas o en ciertos casos, en la que exista cupo disponible considerando los criterios del promedio de secundaria y el puntaje obtenido en el examen.\n<br>\n<br>\nLa Zona COMIPEMS est\u00e1 comprendida por las 16 alcald\u00edas de la Ciudad de M\u00e9xico, y 22 municipios del Estado de M\u00e9xico. \n<\/p>\n-->\n\n\n\n<style>\n.lista-municipios {\n  font-family: 'Open Sans', sans-serif;\n  font-size: 14px;\n  font-weight: 400;\n  line-height: 1.6;\n  display: grid;\n  grid-template-columns: repeat(4, 1fr); \/* 4 columnas fijas *\/\n  grid-template-rows: repeat(6, auto);   \/* 6 filas *\/\n  grid-auto-flow: column;                \/* llena por columna *\/\n  gap: 0.5rem 1.5rem;\n  list-style: disc;\n  padding-left: 1.2rem;\n  margin: 0;}\n\n\/* Asegura que el flujo sea por filas *\/\n.lista-municipios li {\n  break-inside: avoid;\n}\n\n\/* Opci\u00f3n para versi\u00f3n m\u00f3vil *\/\n@media (max-width: 768px) {\n\n  .titulo-municipios {\n    font-size: 18px;\n    margin-bottom: 0.5rem;\n  }\n\n  .lista-municipios {\n    display: block;          \/* quita el grid *\/\n    font-size: 15px;         \/* un poco m\u00e1s legible *\/\n    line-height: 1.8;\n    padding-left: 1.2rem;\n  }\n\n  .lista-municipios li {\n    margin-bottom: 0.35rem;\n  }\n}\n\n<\/style>\n<div class=\"row d-md-flex align-items-stretch\">\n      <div class=\"col-12 d-flex flex-column gap-6\">\n        <div           class=\"card fill-height shadow bg-white rounded-lg text-left\"  style=\"height:100%;  padding: 16px 24px; gap: 24px;\">\n\t\t\t<div class=\"card-body\">\n\t\t\t<p class=\"text-left mb-5\" style=\"font-size: 20px; font-weight: 400; color:#161A1D;\">Ciudad de M\u00e9xico\n<\/p>\n<ul class=\"lista-municipios\">\n  <li>\u00c1lvaro Obreg\u00f3n<\/li>\n  <li>Azcapotzalco<\/li>\n  <li>Benito Ju\u00e1rez<\/li>\n  <li>Coyoac\u00e1n<\/li>\n  <li>Cuajimalpa de Morelos<\/li>\n  <li>Cuauht\u00e9moc<\/li>\n  <li>Gustavo A. Madero<\/li>\n  <li>Iztacalco<\/li>\n  <li>Iztapalapa<\/li>\n  <li>La Magdalena Contreras<\/li>\n  <li>Miguel Hidalgo<\/li>\n  <li>Milpa Alta<\/li>\n  <li>Tl\u00e1huac<\/li>\n  <li>Tlalpan<\/li>\n  <li>Venustiano Carranza<\/li>\n  <li>Xochimilco<\/li>\n<\/ul>\n<br>\n\t\t\t<p class=\"text-left mb-5\" style=\"font-size: 20px; font-weight: 400; color:#161A1D;\">Estado de M\u00e9xico\n<\/p>\n<ul  class=\"lista-municipios\">\n  <li>Acolman<\/li>\n  <li>Atizap\u00e1n de Zaragoza<\/li>\n  <li>Chalco<\/li>\n  <li>Chicoloapan de Ju\u00e1rez<\/li>\n  <li>Chimalhuac\u00e1n<\/li>\n  <li>Coacalco de Berrioz\u00e1bal<\/li>\n  <li>Cuautitl\u00e1n<\/li>\n  <li>Cuautitl\u00e1n Izcalli<\/li>\n  <li>Ecatepec de Morelos<\/li>\n  <li>Huixquilucan<\/li>\n  <li>Ixtapaluca<\/li>\n  <li>La Paz<\/li>\n  <li>Naucalpan de Ju\u00e1rez<\/li>\n  <li>Nezahualc\u00f3yotl<\/li>\n  <li>Nicol\u00e1s Romero<\/li>\n  <li>Tec\u00e1mac<\/li>\n  <li>Tepotzotl\u00e1n<\/li>\n  <li>Texcoco<\/li>\n  <li>Tlalnepantla de Baz<\/li>\n  <li>Tultepec<\/li>\n  <li>Tultitl\u00e1n<\/li>\n  <li>Valle de Chalco Solidaridad<\/li>\n<\/ul>\n            <\/div>\n        <\/div>\n      <\/div>\n\t  <\/div>\n","protected":false},"excerpt":{"rendered":"<p>Ciudad de M\u00e9xico \u00c1lvaro Obreg\u00f3n Azcapotzalco Benito Ju\u00e1rez Coyoac\u00e1n Cuajimalpa de Morelos Cuauht\u00e9moc Gustavo A. Madero Iztacalco Iztapalapa La Magdalena Contreras Miguel Hidalgo Milpa Alta Tl\u00e1huac Tlalpan Venustiano Carranza Xochimilco Estado de M\u00e9xico Acolman Atizap\u00e1n de Zaragoza Chalco Chicoloapan de Ju\u00e1rez Chimalhuac\u00e1n Coacalco de Berrioz\u00e1bal Cuautitl\u00e1n Cuautitl\u00e1n Izcalli Ecatepec de Morelos Huixquilucan Ixtapaluca La Paz [&hellip;]<\/p>\n","protected":false},"author":1,"featured_media":0,"parent":0,"menu_order":0,"comment_status":"closed","ping_status":"closed","template":"","meta":{"footnotes":""},"class_list":["post-84","page","type-page","status-publish","hentry"],"_links":{"self":[{"href":"https:\/\/www.miderechomilugar.gob.mx\/blog\/wp-json\/wp\/v2\/pages\/84","targetHints":{"allow":["GET"]}}],"collection":[{"href":"https:\/\/www.miderechomilugar.gob.mx\/blog\/wp-json\/wp\/v2\/pages"}],"about":[{"href":"https:\/\/www.miderechomilugar.gob.mx\/blog\/wp-json\/wp\/v2\/types\/page"}],"author":[{"embeddable":true,"href":"https:\/\/www.miderechomilugar.gob.mx\/blog\/wp-json\/wp\/v2\/users\/1"}],"replies":[{"embeddable":true,"href":"https:\/\/www.miderechomilugar.gob.mx\/blog\/wp-json\/wp\/v2\/comments?post=84"}],"version-history":[{"count":33,"href":"https:\/\/www.miderechomilugar.gob.mx\/blog\/wp-json\/wp\/v2\/pages\/84\/revisions"}],"predecessor-version":[{"id":221,"href":"https:\/\/www.miderechomilugar.gob.mx\/blog\/wp-json\/wp\/v2\/pages\/84\/revisions\/221"}],"wp:attachment":[{"href":"https:\/\/www.miderechomilugar.gob.mx\/blog\/wp-json\/wp\/v2\/media?parent=84"}],"curies":[{"name":"wp","href":"https:\/\/api.w.org\/{rel}","templated":true}]}}